{"id":92,"date":"2025-07-08T10:43:59","date_gmt":"2025-07-08T09:43:59","guid":{"rendered":"https:\/\/vivreautisme-rdc.com\/?page_id=92"},"modified":"2025-07-08T14:53:53","modified_gmt":"2025-07-08T13:53:53","slug":"a-propos-de-nous","status":"publish","type":"page","link":"https:\/\/vivreautisme-rdc.com\/?page_id=92","title":{"rendered":"A propos de nous"},"content":{"rendered":"<div aria-hidden=\"true\" style=\"display:none;\">Qui sommes-nous ?<\/div>\r\n<div class=\"align wp-block-atb-animated-text\" id='atbAnimatedText-1' data-attributes='{&quot;background&quot;:{&quot;color&quot;:&quot;var(--global-palette7)&quot;,&quot;type&quot;:&quot;solid&quot;,&quot;gradient&quot;:&quot;linear-gradient(135deg, #4527a4, #8344c5)&quot;,&quot;overlayColor&quot;:&quot;var(--global-palette8)&quot;,&quot;position&quot;:&quot;center right&quot;},&quot;content&quot;:&quot;Qui sommes-nous ?&quot;,&quot;typography&quot;:{&quot;fontSize&quot;:{&quot;desktop&quot;:22,&quot;tablet&quot;:20,&quot;mobile&quot;:18},&quot;textTransform&quot;:&quot;uppercase&quot;},&quot;color&quot;:&quot;rgba(17, 16, 16, 1)&quot;,&quot;border&quot;:{&quot;radius&quot;:&quot;5px&quot;,&quot;color&quot;:&quot;rgba(160, 247, 117, 1)&quot;,&quot;width&quot;:&quot;1px&quot;,&quot;style&quot;:&quot;double&quot;},&quot;align&quot;:&quot;&quot;,&quot;options&quot;:{&quot;theme&quot;:&quot;default&quot;},&quot;loop&quot;:true,&quot;animateIn&quot;:&quot;char&quot;,&quot;inEffect&quot;:&quot;fadeInLeftBig&quot;,&quot;inSequence&quot;:&quot;default&quot;,&quot;outEffect&quot;:&quot;rollOut&quot;,&quot;outSequence&quot;:&quot;shuffle&quot;,&quot;alignment&quot;:&quot;center&quot;,&quot;textAlign&quot;:&quot;center&quot;,&quot;textAlignment&quot;:&quot;center&quot;,&quot;padding&quot;:{&quot;vertical&quot;:&quot;15px&quot;,&quot;horizontal&quot;:&quot;15px&quot;},&quot;animatedSize&quot;:{&quot;width&quot;:{&quot;desktop&quot;:&quot;100%&quot;,&quot;tablet&quot;:&quot;&quot;,&quot;mobile&quot;:&quot;&quot;},&quot;height&quot;:{&quot;desktop&quot;:&quot;500px&quot;,&quot;tablet&quot;:&quot;&quot;,&quot;mobile&quot;:&quot;&quot;}},&quot;repeat&quot;:true,&quot;gsapAnimation&quot;:{&quot;animationSpeed&quot;:30,&quot;perspectiveDepth&quot;:500,&quot;enableOscillation&quot;:true,&quot;repeatBehavior&quot;:-1,&quot;repeatDelay&quot;:2,&quot;animationEffect&quot;:&quot;default&quot;,&quot;autoRepeat&quot;:true,&quot;transformOrigin&quot;:400,&quot;randomColor&quot;:false,&quot;isTextShadow&quot;:false,&quot;textShadow&quot;:[{&quot;blur&quot;:&quot;19px&quot;,&quot;color&quot;:&quot;rgba(39, 195, 130, 1)&quot;,&quot;hOffset&quot;:&quot;4px&quot;,&quot;isInset&quot;:false,&quot;spreed&quot;:&quot;0px&quot;,&quot;vOffset&quot;:&quot;1px&quot;}],&quot;fontStretch&quot;:&quot;200%&quot;,&quot;animationDuration&quot;:1,&quot;waveEffect&quot;:25,&quot;easeType&quot;:&quot;elastic(0.3, 0.2)&quot;,&quot;scaleX&quot;:1.5,&quot;scaleY&quot;:0.20000000000000001,&quot;typingSpeed&quot;:100,&quot;reStartTime&quot;:1000,&quot;animateType&quot;:&quot;glitch&quot;}}'><\/div>\n\n<style>.kb-row-layout-id92_b1ef00-43 > .kt-row-column-wrap{align-content:start;}:where(.kb-row-layout-id92_b1ef00-43 > .kt-row-column-wrap) > .wp-block-kadence-column{justify-content:start;}.kb-row-layout-id92_b1ef00-43 > .kt-row-column-wrap{column-gap:var(--global-kb-gap-md, 2rem);row-gap:var(--global-kb-gap-md, 2rem);max-width:var( --global-content-width, 1290px );padding-left:var(--global-content-edge-padding);padding-right:var(--global-content-edge-padding);padding-top:55px;padding-right:0px;padding-bottom:13px;padding-left:0px;grid-template-columns:minmax(0, 1fr);}.kb-row-layout-id92_b1ef00-43{background-image:url('https:\/\/vivreautisme-rdc.com\/wp-content\/uploads\/2025\/07\/piezas-coloridas-del-juego-de-mesa-meeple-scaled.jpg');background-size:cover;background-position:37% 15%;background-attachment:scroll;background-repeat:no-repeat;}.kb-row-layout-id92_b1ef00-43 > .kt-row-layout-overlay{opacity:0.70;background-image:url('https:\/\/m-techgrandscomptes-sarl.com\/wp-content\/uploads\/2021\/04\/bg-0.png');background-size:cover;background-position:50% 50%;background-attachment:fixed;background-repeat:no-repeat;}.kb-row-layout-id92_b1ef00-43 .kt-row-layout-top-sep{height:100px;}.kb-row-layout-id92_b1ef00-43 .kt-row-layout-top-sep svg{width:100%;}.kb-row-layout-id92_b1ef00-43 .kt-row-layout-top-sep svg{fill:#ffffff!important;}@media all and (max-width: 1024px), only screen and (min-device-width: 1024px) and (max-device-width: 1366px) and (-webkit-min-device-pixel-ratio: 2) and (hover: none){.kb-row-layout-id92_b1ef00-43 > .kt-row-layout-overlay{background-attachment:scroll;}}@media all and (max-width: 1024px){.kb-row-layout-id92_b1ef00-43 > .kt-row-column-wrap{padding-top:140px;padding-right:0px;padding-bottom:80px;padding-left:0px;grid-template-columns:minmax(0, 1fr);}}@media all and (max-width: 767px){.kb-row-layout-id92_b1ef00-43 > .kt-row-column-wrap{padding-top:120px;padding-right:20px;padding-bottom:50px;padding-left:20px;grid-template-columns:minmax(0, 1fr);}}<\/style><div class=\"kb-row-layout-wrap kb-row-layout-id92_b1ef00-43 alignnone has-theme-palette8-background-color kt-row-has-bg wp-block-kadence-rowlayout\"><div class=\"kt-row-layout-overlay kt-row-overlay-normal\"><\/div><div class=\"kt-row-layout-top-sep kt-row-sep-type-wavei\"><svg viewBox=\"0 0 1000 100\" preserveAspectRatio=\"none\"><path d=\"M0,40c0,0 120.077,-38.076 250,-38c129.923,0.076 345.105,78 500,78c154.895,0 250,-30 250,-30l0,50l-1000,0l0,-60Z\" \/><\/svg><\/div><div class=\"kt-row-column-wrap kt-has-1-columns kt-row-layout-equal kt-tab-layout-inherit kt-mobile-layout-row kt-row-valign-top kb-theme-content-width\">\n<style>.kadence-column92_b309fc-de > .kt-inside-inner-col{padding-top:10px;padding-right:10px;padding-bottom:10px;padding-left:10px;}.kadence-column92_b309fc-de > .kt-inside-inner-col,.kadence-column92_b309fc-de > .kt-inside-inner-col:before{border-top-left-radius:0px;border-top-right-radius:0px;border-bottom-right-radius:0px;border-bottom-left-radius:0px;}.kadence-column92_b309fc-de > .kt-inside-inner-col{column-gap:var(--global-kb-gap-sm, 1rem);}.kadence-column92_b309fc-de > .kt-inside-inner-col{flex-direction:column;}.kadence-column92_b309fc-de > .kt-inside-inner-col > .aligncenter{width:100%;}.kadence-column92_b309fc-de > .kt-inside-inner-col{background-color:var(--global-palette7, #EDF2F7);}.kadence-column92_b309fc-de > .kt-inside-inner-col:before{opacity:0.3;}.kadence-column92_b309fc-de{position:relative;}@media all and (max-width: 1024px){.kadence-column92_b309fc-de > .kt-inside-inner-col{flex-direction:column;justify-content:center;}}@media all and (max-width: 767px){.kadence-column92_b309fc-de > .kt-inside-inner-col{flex-direction:column;justify-content:center;}}<\/style>\n<div class=\"wp-block-kadence-column kadence-column92_b309fc-de inner-column-1\"><div class=\"kt-inside-inner-col\">\n<p class=\"has-theme-palette-1-color has-text-color has-link-color has-medium-font-size wp-elements-de5d101ccd9eb50588b8d6167656980d\"><strong>Ensemble, pour une soci\u00e9t\u00e9 inclusive<\/strong><\/p>\n\n\n\n<p><strong>VIVRE L\u2019AUTISME EN RDC A.S.B.L.<\/strong> (ci-apr\u00e8s \u00ab V.A-RDC A.S.B.L. \u00bb) est une association sans but lucratif engag\u00e9e dans l\u2019accompagnement des personnes vivant avec l\u2019autisme en R\u00e9publique D\u00e9mocratique du Congo.<\/p>\n\n\n\n<p>Fond\u00e9e sur les valeurs de solidarit\u00e9, de respect, d\u2019\u00e9galit\u00e9 et d\u2019inclusion, notre mission est de d\u00e9fendre les droits des personnes autistes, de faire entendre leur voix et de leur offrir un accompagnement adapt\u00e9, bienveillant et digne.<\/p>\n\n\n\n<p class=\"has-theme-palette-1-color has-text-color has-link-color has-medium-font-size wp-elements-f796ac244e2095d149ab2afcbba4e310\"><strong>Notre mission<\/strong><\/p>\n\n\n\n<p>Notre objectif est d&rsquo;<strong>accompagner, sensibiliser et transformer le regard port\u00e9 sur l\u2019autisme.<\/strong><\/p>\n\n\n\n<p>Pour cela, nous agissons chaque jour afin de :<\/p>\n\n\n\n<ul class=\"wp-block-list\">\n<li><strong>Accompagner<\/strong> les enfants, adolescents et adultes autistes gr\u00e2ce \u00e0 des interventions personnalis\u00e9es et adapt\u00e9es ;<\/li>\n\n\n\n<li><strong>Soutenir<\/strong> les familles et les aidants dans leur quotidien ;<\/li>\n\n\n\n<li><strong>Sensibiliser<\/strong> le grand public ainsi que les institutions publiques et priv\u00e9es ;<\/li>\n\n\n\n<li><strong>Promouvoir<\/strong> un diagnostic pr\u00e9coce et des prises en charge sp\u00e9cialis\u00e9es ;<\/li>\n\n\n\n<li><strong>Collaborer<\/strong> \u00e9troitement avec les professionnels de sant\u00e9, d\u2019\u00e9ducation et du secteur social.<\/li>\n<\/ul>\n\n\n\n<p class=\"has-theme-palette-1-color has-text-color has-link-color has-medium-font-size wp-elements-dd69d84a6d6a3cdaa13d13ecfbff06e7\"><strong>Pourquoi nous existons<\/strong><\/p>\n\n\n\n<p>En R\u00e9publique D\u00e9mocratique du Congo, les personnes autistes et leurs familles font souvent face \u00e0 l\u2019ignorance, \u00e0 la stigmatisation, \u00e0 l\u2019exclusion sociale et au manque de structures sp\u00e9cialis\u00e9es.<\/p>\n\n\n\n<p>Face \u00e0 ce constat, <strong>V.A-RDC A.S.B.L.<\/strong> a choisi d\u2019agir. Notre engagement vise \u00e0 combler ces lacunes en cr\u00e9ant un espace d\u2019\u00e9coute, d\u2019accompagnement et de plaidoyer, pour construire une soci\u00e9t\u00e9 plus inclusive et bienveillante.<\/p>\n\n\n\n<p class=\"has-theme-palette-1-color has-text-color has-link-color has-medium-font-size wp-elements-b5f6d934f3ee3fe734faa3a27d6724a3\"><strong>Nos actions concr\u00e8tes<\/strong><\/p>\n\n\n\n<ul class=\"wp-block-list\">\n<li>Organisation de <strong>campagnes de sensibilisation<\/strong> dans les \u00e9coles, les m\u00e9dias et les communaut\u00e9s locales ;<\/li>\n\n\n\n<li>Mise en place de <strong>programmes d\u2019\u00e9valuation et de diagnostic<\/strong>, en collaboration avec des professionnels qualifi\u00e9s ;<\/li>\n\n\n\n<li>Organisation d\u2019<strong>ateliers \u00e9ducatifs et th\u00e9rapeutiques<\/strong> pour les enfants autistes ;<\/li>\n\n\n\n<li><strong>Formations<\/strong> destin\u00e9es aux parents, enseignants et professionnels de l\u2019autisme ;<\/li>\n\n\n\n<li><strong>Accompagnement administratif et social<\/strong> des familles vuln\u00e9rables.<\/li>\n<\/ul>\n\n\n\n<p class=\"has-theme-palette-1-color has-text-color has-link-color has-medium-font-size wp-elements-f321d6641f02e0ed3c685baf7bfe73d4\"><strong>Rejoignez notre cause<\/strong><\/p>\n\n\n\n<p>Nous croyons qu\u2019un monde plus juste commence par la reconnaissance et la valorisation de la diversit\u00e9 neurologique.<br>Chaque geste compte. Que vous soyez parent, professionnel, b\u00e9n\u00e9vole ou simplement touch\u00e9 par notre mission, <strong>vous pouvez contribuer \u00e0 changer des vies.<\/strong><\/p>\n\n\n\n<p><strong>Rejoignez-nous ! Ensemble, construisons une soci\u00e9t\u00e9 inclusive.<\/strong><\/p>\n<\/div><\/div>\n\n<\/div><\/div>\n\n\n<p><\/p>\n","protected":false},"excerpt":{"rendered":"<p>Ensemble, pour une soci\u00e9t\u00e9 inclusive VIVRE L\u2019AUTISME EN RDC A.S.B.L. (ci-apr\u00e8s \u00ab V.A-RDC A.S.B.L. \u00bb) est une association sans but lucratif engag\u00e9e dans l\u2019accompagnement des personnes vivant avec l\u2019autisme en R\u00e9publique D\u00e9mocratique du Congo. Fond\u00e9e sur les valeurs de solidarit\u00e9, de respect, d\u2019\u00e9galit\u00e9 et d\u2019inclusion, notre mission est de d\u00e9fendre les droits des personnes autistes,&#8230;<\/p>\n","protected":false},"author":1,"featured_media":0,"parent":0,"menu_order":0,"comment_status":"closed","ping_status":"closed","template":"","meta":{"_kad_post_transparent":"","_kad_post_title":"","_kad_post_layout":"","_kad_post_sidebar_id":"","_kad_post_content_style":"","_kad_post_vertical_padding":"","_kad_post_feature":"","_kad_post_feature_position":"","_kad_post_header":false,"_kad_post_footer":false,"_kad_post_classname":"","footnotes":""},"class_list":["post-92","page","type-page","status-publish","hentry"],"yoast_head":"<!-- This site is optimized with the Yoast SEO plugin v27.4 - https:\/\/yoast.com\/product\/yoast-seo-wordpress\/ -->\n<title>A propos de nous - vivreautisme-rdc<\/title>\n<meta name=\"robots\" content=\"index, follow, max-snippet:-1, max-image-preview:large, max-video-preview:-1\" \/>\n<link rel=\"canonical\" href=\"https:\/\/vivreautisme-rdc.com\/?page_id=92\" \/>\n<meta property=\"og:locale\" content=\"fr_FR\" \/>\n<meta property=\"og:type\" content=\"article\" \/>\n<meta property=\"og:title\" content=\"A propos de nous - vivreautisme-rdc\" \/>\n<meta property=\"og:description\" content=\"Ensemble, pour une soci\u00e9t\u00e9 inclusive VIVRE L\u2019AUTISME EN RDC A.S.B.L. (ci-apr\u00e8s \u00ab V.A-RDC A.S.B.L. \u00bb) est une association sans but lucratif engag\u00e9e dans l\u2019accompagnement des personnes vivant avec l\u2019autisme en R\u00e9publique D\u00e9mocratique du Congo. Fond\u00e9e sur les valeurs de solidarit\u00e9, de respect, d\u2019\u00e9galit\u00e9 et d\u2019inclusion, notre mission est de d\u00e9fendre les droits des personnes autistes,...\" \/>\n<meta property=\"og:url\" content=\"https:\/\/vivreautisme-rdc.com\/?page_id=92\" \/>\n<meta property=\"og:site_name\" content=\"vivreautisme-rdc\" \/>\n<meta property=\"article:modified_time\" content=\"2025-07-08T13:53:53+00:00\" \/>\n<meta name=\"twitter:card\" content=\"summary_large_image\" \/>\n<meta name=\"twitter:label1\" content=\"Dur\u00e9e de lecture estim\u00e9e\" \/>\n\t<meta name=\"twitter:data1\" content=\"2 minutes\" \/>\n<script type=\"application\/ld+json\" class=\"yoast-schema-graph\">{\"@context\":\"https:\\\/\\\/schema.org\",\"@graph\":[{\"@type\":\"WebPage\",\"@id\":\"https:\\\/\\\/vivreautisme-rdc.com\\\/?page_id=92\",\"url\":\"https:\\\/\\\/vivreautisme-rdc.com\\\/?page_id=92\",\"name\":\"A propos de nous - vivreautisme-rdc\",\"isPartOf\":{\"@id\":\"https:\\\/\\\/vivreautisme-rdc.com\\\/#website\"},\"datePublished\":\"2025-07-08T09:43:59+00:00\",\"dateModified\":\"2025-07-08T13:53:53+00:00\",\"breadcrumb\":{\"@id\":\"https:\\\/\\\/vivreautisme-rdc.com\\\/?page_id=92#breadcrumb\"},\"inLanguage\":\"fr-FR\",\"potentialAction\":[{\"@type\":\"ReadAction\",\"target\":[\"https:\\\/\\\/vivreautisme-rdc.com\\\/?page_id=92\"]}]},{\"@type\":\"BreadcrumbList\",\"@id\":\"https:\\\/\\\/vivreautisme-rdc.com\\\/?page_id=92#breadcrumb\",\"itemListElement\":[{\"@type\":\"ListItem\",\"position\":1,\"name\":\"Home\",\"item\":\"https:\\\/\\\/vivreautisme-rdc.com\\\/\"},{\"@type\":\"ListItem\",\"position\":2,\"name\":\"A propos de nous\"}]},{\"@type\":\"WebSite\",\"@id\":\"https:\\\/\\\/vivreautisme-rdc.com\\\/#website\",\"url\":\"https:\\\/\\\/vivreautisme-rdc.com\\\/\",\"name\":\"vivreautisme-rdc\",\"description\":\"Sortir l&#039;Autisme de l&#039;ombre\",\"publisher\":{\"@id\":\"https:\\\/\\\/vivreautisme-rdc.com\\\/#organization\"},\"potentialAction\":[{\"@type\":\"SearchAction\",\"target\":{\"@type\":\"EntryPoint\",\"urlTemplate\":\"https:\\\/\\\/vivreautisme-rdc.com\\\/?s={search_term_string}\"},\"query-input\":{\"@type\":\"PropertyValueSpecification\",\"valueRequired\":true,\"valueName\":\"search_term_string\"}}],\"inLanguage\":\"fr-FR\"},{\"@type\":\"Organization\",\"@id\":\"https:\\\/\\\/vivreautisme-rdc.com\\\/#organization\",\"name\":\"vivreautisme-rdc\",\"url\":\"https:\\\/\\\/vivreautisme-rdc.com\\\/\",\"logo\":{\"@type\":\"ImageObject\",\"inLanguage\":\"fr-FR\",\"@id\":\"https:\\\/\\\/vivreautisme-rdc.com\\\/#\\\/schema\\\/logo\\\/image\\\/\",\"url\":\"https:\\\/\\\/vivreautisme-rdc.com\\\/wp-content\\\/uploads\\\/2025\\\/06\\\/cropped-Logo-1.jpg\",\"contentUrl\":\"https:\\\/\\\/vivreautisme-rdc.com\\\/wp-content\\\/uploads\\\/2025\\\/06\\\/cropped-Logo-1.jpg\",\"width\":787,\"height\":732,\"caption\":\"vivreautisme-rdc\"},\"image\":{\"@id\":\"https:\\\/\\\/vivreautisme-rdc.com\\\/#\\\/schema\\\/logo\\\/image\\\/\"}}]}<\/script>\n<!-- \/ Yoast SEO plugin. -->","yoast_head_json":{"title":"A propos de nous - vivreautisme-rdc","robots":{"index":"index","follow":"follow","max-snippet":"max-snippet:-1","max-image-preview":"max-image-preview:large","max-video-preview":"max-video-preview:-1"},"canonical":"https:\/\/vivreautisme-rdc.com\/?page_id=92","og_locale":"fr_FR","og_type":"article","og_title":"A propos de nous - vivreautisme-rdc","og_description":"Ensemble, pour une soci\u00e9t\u00e9 inclusive VIVRE L\u2019AUTISME EN RDC A.S.B.L. (ci-apr\u00e8s \u00ab V.A-RDC A.S.B.L. \u00bb) est une association sans but lucratif engag\u00e9e dans l\u2019accompagnement des personnes vivant avec l\u2019autisme en R\u00e9publique D\u00e9mocratique du Congo. Fond\u00e9e sur les valeurs de solidarit\u00e9, de respect, d\u2019\u00e9galit\u00e9 et d\u2019inclusion, notre mission est de d\u00e9fendre les droits des personnes autistes,...","og_url":"https:\/\/vivreautisme-rdc.com\/?page_id=92","og_site_name":"vivreautisme-rdc","article_modified_time":"2025-07-08T13:53:53+00:00","twitter_card":"summary_large_image","twitter_misc":{"Dur\u00e9e de lecture estim\u00e9e":"2 minutes"},"schema":{"@context":"https:\/\/schema.org","@graph":[{"@type":"WebPage","@id":"https:\/\/vivreautisme-rdc.com\/?page_id=92","url":"https:\/\/vivreautisme-rdc.com\/?page_id=92","name":"A propos de nous - vivreautisme-rdc","isPartOf":{"@id":"https:\/\/vivreautisme-rdc.com\/#website"},"datePublished":"2025-07-08T09:43:59+00:00","dateModified":"2025-07-08T13:53:53+00:00","breadcrumb":{"@id":"https:\/\/vivreautisme-rdc.com\/?page_id=92#breadcrumb"},"inLanguage":"fr-FR","potentialAction":[{"@type":"ReadAction","target":["https:\/\/vivreautisme-rdc.com\/?page_id=92"]}]},{"@type":"BreadcrumbList","@id":"https:\/\/vivreautisme-rdc.com\/?page_id=92#breadcrumb","itemListElement":[{"@type":"ListItem","position":1,"name":"Home","item":"https:\/\/vivreautisme-rdc.com\/"},{"@type":"ListItem","position":2,"name":"A propos de nous"}]},{"@type":"WebSite","@id":"https:\/\/vivreautisme-rdc.com\/#website","url":"https:\/\/vivreautisme-rdc.com\/","name":"vivreautisme-rdc","description":"Sortir l&#039;Autisme de l&#039;ombre","publisher":{"@id":"https:\/\/vivreautisme-rdc.com\/#organization"},"potentialAction":[{"@type":"SearchAction","target":{"@type":"EntryPoint","urlTemplate":"https:\/\/vivreautisme-rdc.com\/?s={search_term_string}"},"query-input":{"@type":"PropertyValueSpecification","valueRequired":true,"valueName":"search_term_string"}}],"inLanguage":"fr-FR"},{"@type":"Organization","@id":"https:\/\/vivreautisme-rdc.com\/#organization","name":"vivreautisme-rdc","url":"https:\/\/vivreautisme-rdc.com\/","logo":{"@type":"ImageObject","inLanguage":"fr-FR","@id":"https:\/\/vivreautisme-rdc.com\/#\/schema\/logo\/image\/","url":"https:\/\/vivreautisme-rdc.com\/wp-content\/uploads\/2025\/06\/cropped-Logo-1.jpg","contentUrl":"https:\/\/vivreautisme-rdc.com\/wp-content\/uploads\/2025\/06\/cropped-Logo-1.jpg","width":787,"height":732,"caption":"vivreautisme-rdc"},"image":{"@id":"https:\/\/vivreautisme-rdc.com\/#\/schema\/logo\/image\/"}}]}},"_links":{"self":[{"href":"https:\/\/vivreautisme-rdc.com\/index.php?rest_route=\/wp\/v2\/pages\/92","targetHints":{"allow":["GET"]}}],"collection":[{"href":"https:\/\/vivreautisme-rdc.com\/index.php?rest_route=\/wp\/v2\/pages"}],"about":[{"href":"https:\/\/vivreautisme-rdc.com\/index.php?rest_route=\/wp\/v2\/types\/page"}],"author":[{"embeddable":true,"href":"https:\/\/vivreautisme-rdc.com\/index.php?rest_route=\/wp\/v2\/users\/1"}],"replies":[{"embeddable":true,"href":"https:\/\/vivreautisme-rdc.com\/index.php?rest_route=%2Fwp%2Fv2%2Fcomments&post=92"}],"version-history":[{"count":2,"href":"https:\/\/vivreautisme-rdc.com\/index.php?rest_route=\/wp\/v2\/pages\/92\/revisions"}],"predecessor-version":[{"id":172,"href":"https:\/\/vivreautisme-rdc.com\/index.php?rest_route=\/wp\/v2\/pages\/92\/revisions\/172"}],"wp:attachment":[{"href":"https:\/\/vivreautisme-rdc.com\/index.php?rest_route=%2Fwp%2Fv2%2Fmedia&parent=92"}],"curies":[{"name":"wp","href":"https:\/\/api.w.org\/{rel}","templated":true}]}}